{"id":166,"date":"2024-03-25T14:02:37","date_gmt":"2024-03-25T13:02:37","guid":{"rendered":"https:\/\/burros-trekking.com\/nuevaweb\/?page_id=166"},"modified":"2024-03-25T14:02:37","modified_gmt":"2024-03-25T13:02:37","slug":"contacto-y-reser","status":"publish","type":"page","link":"https:\/\/burros-trekking.com\/nuevaweb\/contacto-y-reser\/","title":{"rendered":"CONTACTO Y RESER"},"content":{"rendered":"\n<p class=\"has-text-align-center\"><strong>CONTACTO Y RESERVAS:<\/strong><\/p>\n\n\n\n<p class=\"has-text-align-center\">Recibir\u00e1 un correo a la direcci\u00f3n indicada con la disponibilidad, gracias.<br>Para realizar cualquier otro tipo de reserva, ll\u00e1menos al\u00a0<strong>609 228 095<\/strong>,\u00a0<br>o env\u00ede un email a\u00a0<a href=\"mailto:info@burros-trekking.com\">info@burros-trekking.com<\/a>\u00a0con sus datos.\u00a0<\/p>\n","protected":false},"excerpt":{"rendered":"<p>CONTACTO Y RESERVAS: Recibir\u00e1 un correo a la direcci\u00f3n indicada con la disponibilidad, gracias.Para realizar cualquier otro tipo de reserva, ll\u00e1menos al\u00a0609 228 095,\u00a0o env\u00ede un email a\u00a0info@burros-trekking.com\u00a0con sus datos.\u00a0<\/p>\n","protected":false},"author":1,"featured_media":0,"parent":0,"menu_order":0,"comment_status":"closed","ping_status":"closed","template":"","meta":{"footnotes":""},"class_list":["post-166","page","type-page","status-publish","hentry"],"_links":{"self":[{"href":"https:\/\/burros-trekking.com\/nuevaweb\/wp-json\/wp\/v2\/pages\/166","targetHints":{"allow":["GET"]}}],"collection":[{"href":"https:\/\/burros-trekking.com\/nuevaweb\/wp-json\/wp\/v2\/pages"}],"about":[{"href":"https:\/\/burros-trekking.com\/nuevaweb\/wp-json\/wp\/v2\/types\/page"}],"author":[{"embeddable":true,"href":"https:\/\/burros-trekking.com\/nuevaweb\/wp-json\/wp\/v2\/users\/1"}],"replies":[{"embeddable":true,"href":"https:\/\/burros-trekking.com\/nuevaweb\/wp-json\/wp\/v2\/comments?post=166"}],"version-history":[{"count":1,"href":"https:\/\/burros-trekking.com\/nuevaweb\/wp-json\/wp\/v2\/pages\/166\/revisions"}],"predecessor-version":[{"id":167,"href":"https:\/\/burros-trekking.com\/nuevaweb\/wp-json\/wp\/v2\/pages\/166\/revisions\/167"}],"wp:attachment":[{"href":"https:\/\/burros-trekking.com\/nuevaweb\/wp-json\/wp\/v2\/media?parent=166"}],"curies":[{"name":"wp","href":"https:\/\/api.w.org\/{rel}","templated":true}]}}