{"id":7,"date":"2024-03-25T14:05:23","date_gmt":"2024-03-25T13:05:23","guid":{"rendered":"https:\/\/burros-trekking.com\/nuevaweb\/?page_id=7"},"modified":"2024-03-25T14:05:23","modified_gmt":"2024-03-25T13:05:23","slug":"saroizar","status":"publish","type":"page","link":"https:\/\/burros-trekking.com\/nuevaweb\/saroizar\/","title":{"rendered":"Saroizar"},"content":{"rendered":"\n<div class=\"wp-block-media-text has-media-on-the-right is-stacked-on-mobile is-vertically-aligned-center is-style-no-block-gap\" style=\"grid-template-columns:auto 52%\"><div class=\"wp-block-media-text__content\">\n<blockquote class=\"wp-block-quote is-layout-flow wp-block-quote-is-layout-flow\">\n<p class=\"has-text-align-left is-style-no-block-gap has-large-font-size\"><strong>LA ZONA<\/strong><\/p>\n<\/blockquote>\n\n\n\n<figure class=\"wp-block-image alignright size-full is-resized\"><img loading=\"lazy\" decoding=\"async\" width=\"300\" height=\"256\" src=\"https:\/\/burros-trekking.com\/nuevaweb\/wp-content\/uploads\/2023\/11\/image-1.png\" alt=\"\" class=\"wp-image-18\" style=\"width:334px;height:auto\"\/><\/figure>\n\n\n\n<p>Nos encontramos en el interior del Pa\u00eds Vasco en el noreste de la Provincia de \u00c1lava en el l\u00edmite con la Provincia de Guip\u00fazcoa y pr\u00f3ximo al Reino de Navarra.&nbsp;<a href=\"http:\/\/burros-trekking.com\/images\/pv-nav-rja_BIG.jpg\" target=\"_blank\" rel=\"noreferrer noopener\"><\/a><br><br>En la Sierra de Urkilla a la entrada del Parque Natural Aizkorri-Aratz y pr\u00f3ximos al Parque Natural de Urbasa y And\u00eda.<\/p>\n\n\n\n<p>Un enclave de transici\u00f3n clim\u00e1tica entre la influencia atl\u00e1ntica y mediterr\u00e1nea. Rodeados de bosques de robles centenarios, hayas y pastizales de altura donde existe desde la \u00e9poca del Neol\u00edtico el pastoreo de ovejas para la elaboraci\u00f3n tradicional de quesos (<a href=\"http:\/\/es.wikipedia.org\/wiki\/Queso_Idiaz%C3%A1bal\" target=\"_blank\" rel=\"noreferrer noopener\"><mark style=\"background-color:rgba(0, 0, 0, 0)\" class=\"has-inline-color has-background-color\">Idiaz\u00e1bal<\/mark><\/a>) y manadas de yeguas en libertad. Prueba de ello es la abundancia de restos megal\u00edticos en caminos y collados:<mark style=\"background-color:rgba(0, 0, 0, 0)\" class=\"has-inline-color has-background-color\">&nbsp;<a href=\"http:\/\/es.wikipedia.org\/wiki\/Cr%C3%B3mlech\" target=\"_blank\" rel=\"noreferrer noopener\">menhires, t\u00famulos, cromlechs, d\u00f3lmenes<\/a>\u2026<\/mark><\/p>\n\n\n\n<p>Zona monta\u00f1osa con gran variedad de caminos y veredas tanto de pastoreo trashumante como de acarreo de mercanc\u00edas y que durante a\u00f1os han ca\u00eddo en del desuso y el olvido, pero que en los \u00faltimos tiempos gracias a la balizaci\u00f3n como GR o PR, son aptos para la pr\u00e1ctica del senderismo sin temor a perderse y con muchos servicios de agroturismos, zonas de acampada, refugios de monta\u00f1a, albergues, hospeder\u00edas; donde poder descansar.<\/p>\n<\/div><figure class=\"wp-block-media-text__media\"><img loading=\"lazy\" decoding=\"async\" width=\"2272\" height=\"1704\" src=\"https:\/\/burros-trekking.com\/nuevaweb\/wp-content\/uploads\/2023\/11\/DSCN4347.jpg\" alt=\"\" class=\"wp-image-37 size-full\" srcset=\"https:\/\/burros-trekking.com\/nuevaweb\/wp-content\/uploads\/2023\/11\/DSCN4347.jpg 2272w, https:\/\/burros-trekking.com\/nuevaweb\/wp-content\/uploads\/2023\/11\/DSCN4347-300x225.jpg 300w, https:\/\/burros-trekking.com\/nuevaweb\/wp-content\/uploads\/2023\/11\/DSCN4347-1024x768.jpg 1024w, https:\/\/burros-trekking.com\/nuevaweb\/wp-content\/uploads\/2023\/11\/DSCN4347-768x576.jpg 768w, https:\/\/burros-trekking.com\/nuevaweb\/wp-content\/uploads\/2023\/11\/DSCN4347-1536x1152.jpg 1536w, https:\/\/burros-trekking.com\/nuevaweb\/wp-content\/uploads\/2023\/11\/DSCN4347-2048x1536.jpg 2048w\" sizes=\"auto, (max-width: 2272px) 100vw, 2272px\" \/><\/figure><\/div>\n\n\n\n<div style=\"height:34px\" aria-hidden=\"true\" class=\"wp-block-spacer\"><\/div>\n\n\n\n<div class=\"wp-block-media-text is-stacked-on-mobile is-vertically-aligned-center\" style=\"grid-template-columns:44% auto\"><figure class=\"wp-block-media-text__media\"><img loading=\"lazy\" decoding=\"async\" width=\"2560\" height=\"1707\" src=\"https:\/\/burros-trekking.com\/nuevaweb\/wp-content\/uploads\/2023\/11\/DSC02920-scaled.jpg\" alt=\"\" class=\"wp-image-38 size-full\" srcset=\"https:\/\/burros-trekking.com\/nuevaweb\/wp-content\/uploads\/2023\/11\/DSC02920-scaled.jpg 2560w, https:\/\/burros-trekking.com\/nuevaweb\/wp-content\/uploads\/2023\/11\/DSC02920-300x200.jpg 300w, https:\/\/burros-trekking.com\/nuevaweb\/wp-content\/uploads\/2023\/11\/DSC02920-1024x683.jpg 1024w, https:\/\/burros-trekking.com\/nuevaweb\/wp-content\/uploads\/2023\/11\/DSC02920-768x512.jpg 768w, https:\/\/burros-trekking.com\/nuevaweb\/wp-content\/uploads\/2023\/11\/DSC02920-1536x1024.jpg 1536w, https:\/\/burros-trekking.com\/nuevaweb\/wp-content\/uploads\/2023\/11\/DSC02920-2048x1365.jpg 2048w\" sizes=\"auto, (max-width: 2560px) 100vw, 2560px\" \/><\/figure><div class=\"wp-block-media-text__content\">\n<blockquote class=\"wp-block-quote is-layout-flow wp-block-quote-is-layout-flow\">\n<pre class=\"wp-block-verse has-large-font-size\"><strong>PROPUESTA<\/strong><\/pre>\n<\/blockquote>\n\n\n\n<p><strong>La Asneria Saroizar<\/strong>&nbsp;(Coord.:&nbsp;<a href=\"https:\/\/www.google.es\/maps\/place\/42%C2%B056'25.1%22N+2%C2%B024'29.2%22W\/@42.9402994,-2.4081,3113m\/data=!3m1!1e3!4m2!3m1!1s0x0:0x0\" target=\"_blank\" rel=\"noreferrer noopener\"><mark style=\"background-color:rgba(0, 0, 0, 0)\" class=\"has-inline-color has-background-color\">42.9403N 2.4081W<\/mark><\/a>) les&nbsp;<strong>propone poder alquilar uno o m\u00e1s burros para recorrer estos antiguos caminos a pie y acompa\u00f1ados por nuestros burros<\/strong>&nbsp;que les ayudaran a transportar la carga de sus mochilas&nbsp; y&nbsp;<strong>puntualmente la monta de ni\u00f1os peque\u00f1os sobre ellos (<\/strong>que no sobrepasen 40 k ).&nbsp;<em>Haciendo de su excursi\u00f3n una experiencia inolvidable para peque\u00f1os y adultos.<\/em><\/p>\n\n\n\n<p><strong>Les proponemos la posibilidad de hacer la ruta elegida en solitario &nbsp;o bien acompa\u00f1ados por un gu\u00eda conocedor de la zona y los burros.<\/strong><\/p>\n\n\n\n<p><strong>Nuestros burros han sido educados y entrenados por las mismas rutas a realizar, han sido seleccionados atendiendo a su docilidad y buen comportamiento con ni\u00f1os y adultos, as\u00ed mismo a la facilidad y sencillez en la conducci\u00f3n lo que no supondr\u00e1 ning\u00fan problema a la persona que lo maneje.<\/strong><\/p>\n\n\n\n<p><strong>Antes de la partir con el burro se informar\u00e1 detalladamente del comportamiento y car\u00e1cter del burro elegido y habr\u00e1 un tiempo para familiarizarse tanto con \u00e9l como en el manejo del equipo: Albarda, arn\u00e9s, alforjas, atalajes, etc. La primera media hora ser\u00e1 acompa\u00f1ado por una persona de la asner\u00eda para una primera toma de contacto con el burro.<\/strong><br>La compa\u00f1\u00eda de un burro le aportar\u00e1, debido a su car\u00e1cter d\u00f3cil y cari\u00f1oso una paz y tranquilidad inigualables as\u00ed como la comodidad de transportar hasta 40 k. de carga que le brindar\u00e1 una autonom\u00eda suficiente para poder \u201cperderse\u201d durante d\u00edas.<\/p>\n\n\n\n<p>Usted puede elegir entre los diferentes recorridos propuestos bien sean saliendo y llegando a un mismo punto o saliendo y acabando en un lugar diferente al de la partida. Nosotros nos encargar\u00edamos de ir a recogerlos en el punto de llegada.<\/p>\n\n\n\n<p>Podr\u00e1 elegir para descansar la opci\u00f3n que desee. Por regla general siempre llegar\u00e1 a zonas con servicios y la acampada libre es consentida a modo de vivac (montar un tienda al anochecer y levantarla al amanecer) en la mayor\u00eda de las zonas.<\/p>\n<\/div><\/div>\n\n\n\n<p><\/p>\n\n\n\n<p><\/p>\n\n\n\n<div class=\"wp-block-media-text is-stacked-on-mobile\"><figure class=\"wp-block-media-text__media\"><img loading=\"lazy\" decoding=\"async\" width=\"2560\" height=\"1707\" src=\"https:\/\/burros-trekking.com\/nuevaweb\/wp-content\/uploads\/2023\/11\/DSC03263-scaled.jpg\" alt=\"\" class=\"wp-image-39 size-full\" srcset=\"https:\/\/burros-trekking.com\/nuevaweb\/wp-content\/uploads\/2023\/11\/DSC03263-scaled.jpg 2560w, https:\/\/burros-trekking.com\/nuevaweb\/wp-content\/uploads\/2023\/11\/DSC03263-300x200.jpg 300w, https:\/\/burros-trekking.com\/nuevaweb\/wp-content\/uploads\/2023\/11\/DSC03263-1024x683.jpg 1024w, https:\/\/burros-trekking.com\/nuevaweb\/wp-content\/uploads\/2023\/11\/DSC03263-768x512.jpg 768w, https:\/\/burros-trekking.com\/nuevaweb\/wp-content\/uploads\/2023\/11\/DSC03263-1536x1024.jpg 1536w, https:\/\/burros-trekking.com\/nuevaweb\/wp-content\/uploads\/2023\/11\/DSC03263-2048x1365.jpg 2048w\" sizes=\"auto, (max-width: 2560px) 100vw, 2560px\" \/><\/figure><div class=\"wp-block-media-text__content\">\n<div class=\"wp-block-columns is-layout-flex wp-container-core-columns-is-layout-28f84493 wp-block-columns-is-layout-flex\">\n<div class=\"wp-block-column is-layout-flow wp-block-column-is-layout-flow\" style=\"flex-basis:100%\">\n<blockquote class=\"wp-block-quote is-layout-flow wp-block-quote-is-layout-flow\">\n<h2 class=\"wp-block-heading\"><strong>RECORRIDOS<\/strong><\/h2>\n\n\n\n<p><strong>Los recorridos&nbsp; pueden tener duraci\u00f3n de \u00bd d\u00eda hasta de 7 d\u00edas<\/strong><br>Se pueden realizar senderos confeccionados por nosotros o bien elegir el que m\u00e1s le apetezca.<br>Los recorridos est\u00e1n balizados en su mayor\u00eda como senderos oficiales de Gran Recorrido o de Peque\u00f1o Recorrido, adem\u00e1s se aportar\u00e1 un mapa a escala 1:25000 de la zona con la ruta a seguir marcado y su correspondiente \u201ctrack\u201d para lectura de GPS.<\/p>\n\n\n\n<p>A su vez existen p\u00e1ginas oficiales de los GR donde poder descargarse las topogu\u00edas:<\/p>\n\n\n\n<p><em>GR-25 Vuelta a la Llanada a pie de monte<\/em>&nbsp;(Pag. Oficial de Diputaci\u00f3n F. \u00c1lava).<br><em>GR-282 Senda del Pastoreo<\/em>&nbsp;(Pag. Of.de D.F.A.y del MARM).<br><em>PR-A-13 Camino Real de Las Postas<\/em>&nbsp;(Pag. Oficial de Diputaci\u00f3n F. \u00c1lava).<br><em>GR-12 Divisoria de aguas<\/em>&nbsp;C<em>ant\u00e1brico-Mediter\u00e1neo).<br><\/em><em>Camino de Santiago Pa\u00eds Vasco Interior&nbsp;<\/em>(Pag. Oficial de Gob. Vasco).&nbsp;<\/p>\n<\/blockquote>\n<\/div>\n<\/div>\n<\/div><\/div>\n\n\n\n<p><\/p>\n\n\n\n<div class=\"wp-block-media-text has-media-on-the-right is-vertically-aligned-center is-image-fill is-style-default has-background-background-color has-background\" style=\"grid-template-columns:auto 15%\"><div class=\"wp-block-media-text__content\">\n<blockquote class=\"wp-block-quote is-layout-flow wp-block-quote-is-layout-flow\">\n<p class=\"has-text-align-left has-large-font-size\"><strong>NUESTROS ANIMALES <\/strong><\/p>\n<\/blockquote>\n\n\n\n<p>Nuestros burros son de raza&nbsp;<em>Asno de Las Encartaciones.<\/em>&nbsp; La raza m\u00e1s peque\u00f1a de la Pen\u00ednsula Ib\u00e9rica.&nbsp; Fue muy com\u00fan en todos los caser\u00edos del Pa\u00eds Vasco en la que su funci\u00f3n era la carga, de hierba, el transporte de la leche desde los pastizales a los caser\u00edos,etc. y debido a su peque\u00f1o tama\u00f1o utilizado en las minas de hierro de Vizcaya para el acarreo de las vagonetas en el interior de las galer\u00edas.&nbsp;<br>Debido a la mecanizaci\u00f3n del campo, en el a\u00f1o 1990 no quedaban m\u00e1s de cien ejemplares inici\u00e1ndose entonces una labor de protecci\u00f3n y reconocimiento de la raza &nbsp;por los Servicios de Ganader\u00eda de las Diputaciones Vascas que poco a poco van sac\u00e1ndole del peligro extinci\u00f3n en el que se hallaba.<br>Hoy d\u00eda el uso al que se destina son principalmente para la limpieza y mantenimiento de prados y como animal de compa\u00f1\u00eda. Uno de los problemas existentes, es que en las manadas no puede haber m\u00e1s de un macho adulto, ya que debido a la rivalidad por las hembras se originan enfrentamientos muchas veces con fatal desenlace para el m\u00e1s d\u00e9bil. Esto origina un excedente de machos con dif\u00edcil salida para los escasos ganaderos que en la actualidad cr\u00edan estos animales.<\/p>\n\n\n\n<div class=\"wp-block-columns alignwide are-vertically-aligned-top is-layout-flex wp-container-core-columns-is-layout-08c01c1c wp-block-columns-is-layout-flex\">\n<div class=\"wp-block-column is-vertically-aligned-top is-layout-flow wp-block-column-is-layout-flow\">\n<div class=\"wp-block-group wp-container-content-231d8afb is-vertical is-content-justification-left is-nowrap is-layout-flex wp-container-core-group-is-layout-d439c89b wp-block-group-is-layout-flex\" style=\"margin-top:0;margin-bottom:0\">\n<figure class=\"wp-block-image size-large is-resized wp-container-content-0733e5d0\"><img loading=\"lazy\" decoding=\"async\" width=\"1024\" height=\"683\" src=\"https:\/\/burros-trekking.com\/nuevaweb\/wp-content\/uploads\/2023\/12\/DSC03688-1-1024x683.jpg\" alt=\"\" class=\"wp-image-116\" style=\"width:540px;height:auto\" srcset=\"https:\/\/burros-trekking.com\/nuevaweb\/wp-content\/uploads\/2023\/12\/DSC03688-1-1024x683.jpg 1024w, https:\/\/burros-trekking.com\/nuevaweb\/wp-content\/uploads\/2023\/12\/DSC03688-1-300x200.jpg 300w, https:\/\/burros-trekking.com\/nuevaweb\/wp-content\/uploads\/2023\/12\/DSC03688-1-768x512.jpg 768w, https:\/\/burros-trekking.com\/nuevaweb\/wp-content\/uploads\/2023\/12\/DSC03688-1-1536x1024.jpg 1536w, https:\/\/burros-trekking.com\/nuevaweb\/wp-content\/uploads\/2023\/12\/DSC03688-1-2048x1365.jpg 2048w\" sizes=\"auto, (max-width: 1024px) 100vw, 1024px\" \/><\/figure>\n\n\n\n<div class=\"wp-block-group is-vertical is-nowrap is-layout-flex wp-container-core-group-is-layout-5280e479 wp-block-group-is-layout-flex\"><\/div>\n<\/div>\n<\/div>\n\n\n\n<div class=\"wp-block-column is-vertically-aligned-top is-layout-flow wp-block-column-is-layout-flow\">\n<div class=\"wp-block-group wp-container-content-231d8afb is-vertical is-layout-flex wp-container-core-group-is-layout-05b43539 wp-block-group-is-layout-flex\" style=\"margin-top:0;margin-bottom:0\">\n<div class=\"wp-block-group is-vertical is-nowrap is-layout-flex wp-container-core-group-is-layout-5280e479 wp-block-group-is-layout-flex\">\n<div style=\"height:0px\" aria-hidden=\"true\" class=\"wp-block-spacer wp-container-content-f96796aa\"><\/div>\n<\/div>\n\n\n\n<figure class=\"wp-block-image size-large is-resized\" style=\"font-size:14px\"><img loading=\"lazy\" decoding=\"async\" width=\"1024\" height=\"683\" src=\"https:\/\/burros-trekking.com\/nuevaweb\/wp-content\/uploads\/2023\/12\/DSC02832-1024x683.jpg\" alt=\"\" class=\"wp-image-117\" style=\"width:506px;height:auto\" srcset=\"https:\/\/burros-trekking.com\/nuevaweb\/wp-content\/uploads\/2023\/12\/DSC02832-1024x683.jpg 1024w, https:\/\/burros-trekking.com\/nuevaweb\/wp-content\/uploads\/2023\/12\/DSC02832-300x200.jpg 300w, https:\/\/burros-trekking.com\/nuevaweb\/wp-content\/uploads\/2023\/12\/DSC02832-768x512.jpg 768w, https:\/\/burros-trekking.com\/nuevaweb\/wp-content\/uploads\/2023\/12\/DSC02832-1536x1024.jpg 1536w, https:\/\/burros-trekking.com\/nuevaweb\/wp-content\/uploads\/2023\/12\/DSC02832-2048x1365.jpg 2048w\" sizes=\"auto, (max-width: 1024px) 100vw, 1024px\" \/><\/figure>\n<\/div>\n<\/div>\n<\/div>\n\n\n\n<p>Desde la&nbsp;<strong>Asner\u00eda Saroizar<\/strong>&nbsp;hemos querido dar una nueva funci\u00f3n a este excedente. Es por eso que nuestros burros son machos de esta raza que se caracteriza por su peque\u00f1o tama\u00f1o (1,20 m.a la cruz) los m\u00e1s grandes y unas cualidades excepcionales para desenvolverse en zonas de monta\u00f1a, as\u00ed mismo son animales de un car\u00e1cter tranquilo, muy fieles con qui\u00e9n les trata bien y una disposici\u00f3n curiosa y cari\u00f1osa con ni\u00f1os y personas con alg\u00fan tipo de discapacidad.&nbsp;Nuestros burros&nbsp;<strong>nunca son montados por adultos<\/strong>&nbsp;y como m\u00e1ximo son cargados con &nbsp;35-40 kg. no caminan m\u00e1s de 6 horas por jornada y las personas que les van acompa\u00f1ar reciben unas nociones b\u00e1sicas del manejo del animal y equipo as\u00ed como de las necesidades de descanso, alimentaci\u00f3n e hidrataci\u00f3n del burro.<\/p>\n<\/div><figure class=\"wp-block-media-text__media\" style=\"background-image:url(https:\/\/burros-trekking.com\/nuevaweb\/wp-content\/uploads\/2023\/11\/loscinco-scaled.jpg);background-position:50% 50%\"><img loading=\"lazy\" decoding=\"async\" width=\"2560\" height=\"1830\" src=\"https:\/\/burros-trekking.com\/nuevaweb\/wp-content\/uploads\/2023\/11\/loscinco-scaled.jpg\" alt=\"\" class=\"wp-image-40 size-full\" srcset=\"https:\/\/burros-trekking.com\/nuevaweb\/wp-content\/uploads\/2023\/11\/loscinco-scaled.jpg 2560w, https:\/\/burros-trekking.com\/nuevaweb\/wp-content\/uploads\/2023\/11\/loscinco-300x214.jpg 300w, https:\/\/burros-trekking.com\/nuevaweb\/wp-content\/uploads\/2023\/11\/loscinco-1024x732.jpg 1024w, https:\/\/burros-trekking.com\/nuevaweb\/wp-content\/uploads\/2023\/11\/loscinco-768x549.jpg 768w, https:\/\/burros-trekking.com\/nuevaweb\/wp-content\/uploads\/2023\/11\/loscinco-1536x1098.jpg 1536w, https:\/\/burros-trekking.com\/nuevaweb\/wp-content\/uploads\/2023\/11\/loscinco-2048x1464.jpg 2048w\" sizes=\"auto, (max-width: 2560px) 100vw, 2560px\" \/><\/figure><\/div>\n\n\n\n<div style=\"height:146px\" aria-hidden=\"true\" class=\"wp-block-spacer\"><\/div>\n\n\n\n<p><\/p>\n","protected":false},"excerpt":{"rendered":"","protected":false},"author":1,"featured_media":0,"parent":0,"menu_order":0,"comment_status":"closed","ping_status":"closed","template":"","meta":{"footnotes":""},"class_list":["post-7","page","type-page","status-publish","hentry"],"_links":{"self":[{"href":"https:\/\/burros-trekking.com\/nuevaweb\/wp-json\/wp\/v2\/pages\/7","targetHints":{"allow":["GET"]}}],"collection":[{"href":"https:\/\/burros-trekking.com\/nuevaweb\/wp-json\/wp\/v2\/pages"}],"about":[{"href":"https:\/\/burros-trekking.com\/nuevaweb\/wp-json\/wp\/v2\/types\/page"}],"author":[{"embeddable":true,"href":"https:\/\/burros-trekking.com\/nuevaweb\/wp-json\/wp\/v2\/users\/1"}],"replies":[{"embeddable":true,"href":"https:\/\/burros-trekking.com\/nuevaweb\/wp-json\/wp\/v2\/comments?post=7"}],"version-history":[{"count":11,"href":"https:\/\/burros-trekking.com\/nuevaweb\/wp-json\/wp\/v2\/pages\/7\/revisions"}],"predecessor-version":[{"id":176,"href":"https:\/\/burros-trekking.com\/nuevaweb\/wp-json\/wp\/v2\/pages\/7\/revisions\/176"}],"wp:attachment":[{"href":"https:\/\/burros-trekking.com\/nuevaweb\/wp-json\/wp\/v2\/media?parent=7"}],"curies":[{"name":"wp","href":"https:\/\/api.w.org\/{rel}","templated":true}]}}